{"id":33,"date":"2026-02-22T12:09:47","date_gmt":"2026-02-22T12:09:47","guid":{"rendered":"https:\/\/bachmann-uruguay.com\/start\/"},"modified":"2026-03-27T09:09:40","modified_gmt":"2026-03-27T09:09:40","slug":"start","status":"publish","type":"page","link":"https:\/\/bachmann-uruguay.com\/en\/","title":{"rendered":"Home"},"content":{"rendered":"<div class=\"wp-block-group alignfull is-style-ext-preset--group--natural-1--section has-custom-hintergrund-background-color has-background is-layout-flow wp-block-group-is-layout-flow is-style-ext-preset--group--natural-1--section--1\" style=\"margin-top:15px;margin-bottom:15px;padding-top:var(--wp--preset--spacing--50);padding-bottom:var(--wp--preset--spacing--70)\">\n<div class=\"wp-block-group alignwide is-layout-flow wp-container-core-group-is-layout-f3c7fa73 wp-block-group-is-layout-flow\" style=\"border-top-left-radius:20px;border-top-right-radius:20px;border-bottom-left-radius:20px;border-bottom-right-radius:20px;padding-top:0;padding-bottom:0\">\n<h1 class=\"wp-block-heading has-text-align-center\">Securing values. Expanding perspectives.<\/h1>\n<\/div>\n\n\n\n<p class=\"has-text-align-center\">Agricultural land and real estate in Uruguay<\/p>\n\n\n\n<p class=\"has-text-align-center\">Personal support, discreet and with a local network.<\/p>\n\n\n\n<figure class=\"wp-block-image aligncenter size-large is-resized has-custom-border\"><img loading=\"lazy\" decoding=\"async\" width=\"1024\" height=\"768\" src=\"https:\/\/bachmann-uruguay.com\/wp-content\/uploads\/2026\/02\/WhatsApp-Image-2026-02-01-at-12.18.13-1-1-1024x768.jpeg\" alt=\"\" class=\"has-border-color wp-image-118\" style=\"border-color:#a88c37;border-width:5px;border-top-left-radius:20px;border-top-right-radius:20px;border-bottom-left-radius:20px;border-bottom-right-radius:20px;width:569px;height:auto\" srcset=\"https:\/\/bachmann-uruguay.com\/wp-content\/uploads\/2026\/02\/WhatsApp-Image-2026-02-01-at-12.18.13-1-1-1024x768.jpeg 1024w, https:\/\/bachmann-uruguay.com\/wp-content\/uploads\/2026\/02\/WhatsApp-Image-2026-02-01-at-12.18.13-1-1-300x225.jpeg 300w, https:\/\/bachmann-uruguay.com\/wp-content\/uploads\/2026\/02\/WhatsApp-Image-2026-02-01-at-12.18.13-1-1-768x576.jpeg 768w, https:\/\/bachmann-uruguay.com\/wp-content\/uploads\/2026\/02\/WhatsApp-Image-2026-02-01-at-12.18.13-1-1-1536x1152.jpeg 1536w, https:\/\/bachmann-uruguay.com\/wp-content\/uploads\/2026\/02\/WhatsApp-Image-2026-02-01-at-12.18.13-1-1-16x12.jpeg 16w, https:\/\/bachmann-uruguay.com\/wp-content\/uploads\/2026\/02\/WhatsApp-Image-2026-02-01-at-12.18.13-1-1.jpeg 2040w\" sizes=\"auto, (max-width: 1024px) 100vw, 1024px\" \/><\/figure>\n\n\n\n<div class=\"wp-block-group alignwide has-global-padding is-layout-constrained wp-container-core-group-is-layout-92b9201d wp-block-group-is-layout-constrained\">\n<div class=\"wp-block-buttons is-content-justification-right is-layout-flex wp-container-core-buttons-is-layout-d445cf74 wp-block-buttons-is-layout-flex\">\n<div class=\"wp-block-button has-custom-width wp-block-button__width-100 is-style-ext-preset--button--soft-1--button-1 is-style-ext-preset--button--soft-1--button-1--2\"><a class=\"wp-block-button__link wp-element-button\" href=\"tel:+491783295040\">-&gt;<strong>Let's talk without obligation<\/strong><\/a><\/div>\n<\/div>\n<\/div>\n<\/div>\n\n\n\n<div class=\"wp-block-group alignfull is-style-ext-preset--group--natural-1--section has-custom-hintergrund-background-color has-background has-global-padding is-layout-constrained wp-container-core-group-is-layout-6d4e7df2 wp-block-group-is-layout-constrained is-style-ext-preset--group--natural-1--section--3\" style=\"margin-top:15px;margin-bottom:15px;padding-top:var(--wp--preset--spacing--70);padding-bottom:var(--wp--preset--spacing--70)\">\n<h2 class=\"wp-block-heading has-text-align-center\" style=\"margin-top:var(--wp--preset--spacing--20);margin-bottom:var(--wp--preset--spacing--20);padding-top:var(--wp--preset--spacing--20);padding-bottom:var(--wp--preset--spacing--20)\">Agricultural and farming investments with substance<\/h2>\n\n\n\n<p class=\"has-text-align-left\" style=\"margin-top:0;margin-bottom:0;padding-top:0;padding-bottom:0\">We broker productive land, estancias, chacras, and selected investments in Uruguay. <\/p>\n\n\n\n<p class=\"has-text-align-left\" style=\"margin-top:0;margin-bottom:0;padding-top:0;padding-bottom:0\">Currently, agricultural land ranging from 30 to 1,000 hectares and fully equipped farms are available, among other things.<\/p>\n\n\n\n<p class=\"has-text-align-left\" style=\"margin-top:0;margin-bottom:0;padding-top:0;padding-bottom:0\">Each option is carefully examined\u2014with a focus on sustainability, cost-effectiveness, and long-term prospects.<\/p>\n\n\n\n<div class=\"wp-block-buttons alignwide is-content-justification-center is-layout-flex wp-container-core-buttons-is-layout-c124d1c4 wp-block-buttons-is-layout-flex\">\n<div class=\"wp-block-button\"><a class=\"wp-block-button__link wp-element-button\" href=\"https:\/\/bachmann-uruguay.com\/en\/moeglichkeiten-in-uruguay\/\"><strong>Mehr \u00fcber die M\u00f6glichkeiten in Uruguay&#8230;<\/strong><\/a><\/div>\n<\/div>\n<\/div>\n\n\n\n<div class=\"wp-block-group alignfull is-style-ext-preset--group--natural-1--section has-custom-hintergrund-background-color has-background has-global-padding is-layout-constrained wp-container-core-group-is-layout-6d4e7df2 wp-block-group-is-layout-constrained is-style-ext-preset--group--natural-1--section--4\" style=\"margin-top:15px;margin-bottom:15px;padding-top:var(--wp--preset--spacing--70);padding-bottom:var(--wp--preset--spacing--70)\">\n<h2 class=\"wp-block-heading has-text-align-center\" style=\"margin-top:var(--wp--preset--spacing--20);margin-bottom:var(--wp--preset--spacing--20);padding-top:var(--wp--preset--spacing--20);padding-bottom:var(--wp--preset--spacing--20)\">Procedure &amp; security \u2013 clearly structured and personally supported<\/h2>\n\n\n\n<p class=\"has-text-align-left\" style=\"margin-top:0;margin-bottom:0;padding-top:0;padding-bottom:0\">An investment or emigration is a far-reaching decision.<br>That is why we combine a structured, transparent process with personal support and the utmost discretion.<\/p>\n\n\n\n<p>From initial orientation and individual strategy to concrete implementation, we are at your side. You receive clear processes, verified local partners, and reliable support\u2014step by step.<\/p>\n\n\n\n<p class=\"has-text-align-left\" style=\"margin-top:0;margin-bottom:0;padding-top:0;padding-bottom:0\">This is how we create security at every stage of your project and ensure that you can make informed decisions. <\/p>\n\n\n\n<div class=\"wp-block-buttons alignwide is-content-justification-center is-layout-flex wp-container-core-buttons-is-layout-a89b3969 wp-block-buttons-is-layout-flex\">\n<div class=\"wp-block-button\"><a class=\"wp-block-button__link wp-element-button\" href=\"https:\/\/bachmann-uruguay.com\/en\/ablauf-sicherheit\/\"><strong>Learn more about the process and security<\/strong><\/a><\/div>\n<\/div>\n<\/div>\n\n\n\n<div class=\"wp-block-group alignfull is-style-ext-preset--group--natural-1--section has-custom-hintergrund-background-color has-background has-global-padding is-layout-constrained wp-container-core-group-is-layout-6d4e7df2 wp-block-group-is-layout-constrained is-style-ext-preset--group--natural-1--section--5\" style=\"margin-top:15px;margin-bottom:15px;padding-top:var(--wp--preset--spacing--70);padding-bottom:var(--wp--preset--spacing--70)\">\n<h2 class=\"wp-block-heading alignwide has-text-align-center\" style=\"margin-top:var(--wp--preset--spacing--20);margin-bottom:var(--wp--preset--spacing--20);padding-top:var(--wp--preset--spacing--20);padding-bottom:var(--wp--preset--spacing--20)\">Individual support instead of anonymous placement<\/h2>\n\n\n\n<p class=\"has-text-align-center\" style=\"margin-top:var(--wp--preset--spacing--20);margin-bottom:var(--wp--preset--spacing--20);padding-top:var(--wp--preset--spacing--20);padding-bottom:var(--wp--preset--spacing--20)\">An investment or emigration is not an ordinary decision.<br>That's why we start with a personal consultation. We analyze your goals, your ideas, and your time frame\u2014and accompany you step by step through the entire process. From the initial orientation to long-term support, we remain your direct point of contact.<\/p>\n\n\n\n<figure class=\"wp-block-image aligncenter size-full is-resized has-custom-border\" style=\"margin-top:0;margin-bottom:0;padding-top:0;padding-bottom:0\"><img loading=\"lazy\" decoding=\"async\" width=\"741\" height=\"988\" src=\"https:\/\/bachmann-uruguay.com\/wp-content\/uploads\/2026\/02\/WhatsApp-Image-2026-02-01-at-10.12.47-3-edited.jpeg\" alt=\"\" class=\"has-border-color has-custom-button-hover-border-color wp-image-178\" style=\"border-width:5px;border-top-left-radius:20px;border-top-right-radius:20px;border-bottom-left-radius:20px;border-bottom-right-radius:20px;aspect-ratio:0.7528093821109749;width:525px;height:auto\" srcset=\"https:\/\/bachmann-uruguay.com\/wp-content\/uploads\/2026\/02\/WhatsApp-Image-2026-02-01-at-10.12.47-3-edited.jpeg 741w, https:\/\/bachmann-uruguay.com\/wp-content\/uploads\/2026\/02\/WhatsApp-Image-2026-02-01-at-10.12.47-3-edited-225x300.jpeg 225w, https:\/\/bachmann-uruguay.com\/wp-content\/uploads\/2026\/02\/WhatsApp-Image-2026-02-01-at-10.12.47-3-edited-9x12.jpeg 9w\" sizes=\"auto, (max-width: 741px) 100vw, 741px\" \/><figcaption class=\"wp-element-caption\">(Left) Erwin Bachmann \/ (Right) J\u00f6rg Bachmann<\/figcaption><\/figure>\n\n\n\n<div class=\"wp-block-buttons alignwide is-content-justification-center is-layout-flex wp-container-core-buttons-is-layout-a89b3969 wp-block-buttons-is-layout-flex\">\n<div class=\"wp-block-button\"><a class=\"wp-block-button__link wp-element-button\" href=\"https:\/\/bachmann-uruguay.com\/en\/persoenliche-begleitung\/\"><strong>Mehr \u00fcber die Pers\u00f6nliche Begleitung in Uruguay&#8230;<\/strong><\/a><\/div>\n<\/div>\n<\/div>\n\n\n\n<div class=\"wp-block-group alignfull is-style-ext-preset--group--natural-1--section has-custom-hintergrund-background-color has-background has-global-padding is-layout-constrained wp-block-group-is-layout-constrained is-style-ext-preset--group--natural-1--section--6\" id=\"ueber-uns\" style=\"margin-top:80px;margin-bottom:80px;padding-top:var(--wp--preset--spacing--70);padding-bottom:var(--wp--preset--spacing--70)\">\n<div class=\"wp-block-group has-global-padding is-layout-constrained wp-container-core-group-is-layout-dd32767c wp-block-group-is-layout-constrained\">\n<h2 class=\"wp-block-heading alignfull has-text-align-center has-x-large-font-size\">Let's discuss your options.<\/h2>\n\n\n\n<p class=\"has-text-align-center\">In a non-binding conversation, we will clarify whether and how Uruguay is a viable option for you.<\/p>\n<\/div>\n\n\n\n<div class=\"wp-block-buttons is-content-justification-center is-layout-flex wp-container-core-buttons-is-layout-a89b3969 wp-block-buttons-is-layout-flex\">\n<div class=\"wp-block-button\"><a class=\"wp-block-button__link wp-element-button\" href=\"mailto:bachmann_hornungshof@t-online.de.subject=Anfrage%20Investment%20Uruguay\"><strong>\u2192 Contact us now<\/strong><\/a><\/div>\n<\/div>\n<\/div>","protected":false},"excerpt":{"rendered":"<p>Werte sichern. Perspektiven erweitern. Landwirtschaftliche Fl\u00e4chen und Immobilien in Uruguay pers\u00f6nlich begleitet, diskret und mit lokalem Netzwerk. (Land)wirtschaftliche Investitionen mit Substanz Wir vermitteln produktive Fl\u00e4chen, Estancias, Chacras sowie ausgew\u00e4hlte Beteiligungen in Uruguay. Aktuell stehen unter anderem landwirtschaftliche Fl\u00e4chen zwischen 30 und 1000 Hektar sowie vollst\u00e4ndig ausgestattete Betriebe zur Verf\u00fcgung. Jede Option wird sorgf\u00e4ltig gepr\u00fcft \u2013 [&hellip;]<\/p>\n","protected":false},"author":1,"featured_media":0,"parent":0,"menu_order":0,"comment_status":"closed","ping_status":"closed","template":"no-title","meta":{"footnotes":""},"class_list":["post-33","page","type-page","status-publish","hentry"],"_links":{"self":[{"href":"https:\/\/bachmann-uruguay.com\/en\/wp-json\/wp\/v2\/pages\/33","targetHints":{"allow":["GET"]}}],"collection":[{"href":"https:\/\/bachmann-uruguay.com\/en\/wp-json\/wp\/v2\/pages"}],"about":[{"href":"https:\/\/bachmann-uruguay.com\/en\/wp-json\/wp\/v2\/types\/page"}],"author":[{"embeddable":true,"href":"https:\/\/bachmann-uruguay.com\/en\/wp-json\/wp\/v2\/users\/1"}],"replies":[{"embeddable":true,"href":"https:\/\/bachmann-uruguay.com\/en\/wp-json\/wp\/v2\/comments?post=33"}],"version-history":[{"count":67,"href":"https:\/\/bachmann-uruguay.com\/en\/wp-json\/wp\/v2\/pages\/33\/revisions"}],"predecessor-version":[{"id":361,"href":"https:\/\/bachmann-uruguay.com\/en\/wp-json\/wp\/v2\/pages\/33\/revisions\/361"}],"wp:attachment":[{"href":"https:\/\/bachmann-uruguay.com\/en\/wp-json\/wp\/v2\/media?parent=33"}],"curies":[{"name":"wp","href":"https:\/\/api.w.org\/{rel}","templated":true}]}}