{"id":52,"date":"2026-02-22T12:10:10","date_gmt":"2026-02-22T12:10:10","guid":{"rendered":"https:\/\/bachmann-uruguay.com\/impressum\/"},"modified":"2026-03-27T12:26:07","modified_gmt":"2026-03-27T12:26:07","slug":"impressum","status":"publish","type":"page","link":"https:\/\/bachmann-uruguay.com\/en\/impressum\/","title":{"rendered":"Legal notice"},"content":{"rendered":"<div class=\"wp-block-group alignfull is-style-ext-preset--group--natural-1--section has-background-background-color has-background has-global-padding is-layout-constrained wp-container-core-group-is-layout-6150fac0 wp-block-group-is-layout-constrained is-style-ext-preset--group--natural-1--section--1\" style=\"margin-top:0;margin-bottom:0;padding-top:var(--wp--preset--spacing--70);padding-bottom:var(--wp--preset--spacing--70)\">\n<p><strong>Website operator:<\/strong><br>J\u00f6rg Bachmann<\/p>\n\n\n\n<p>Hornungshof 2<\/p>\n\n\n\n<p>74575 Schrozberg<br>Deutschland<br> <strong>Contact information:<\/strong><br> Telefon: 07936 990112<\/p>\n\n\n\n<p> E-Mail: bachmann_hornungshof@t-online.de<br> Website: bachmann-uruguay.com<br><br> <strong>Authorized representative:<\/strong><br>J\u00f6rg Bachmann (Gesch\u00e4ftsf\u00fchrer)<\/p>\n\n\n\n<p><br> <strong>Company registration:<\/strong><br> Umsatzsteuer-ID gem\u00e4\u00df \u00a7 27a UStG: DE256160616<br><br> <strong>Last Update:<\/strong><br>23.03.2026<\/p>\n<\/div>","protected":false},"excerpt":{"rendered":"<p>Website-Betreiber:J\u00f6rg Bachmann Hornungshof 2 74575 SchrozbergDeutschland Kontaktinformationen: Telefon: 07936 990112 E-Mail: bachmann_hornungshof@t-online.de Website: bachmann-uruguay.com Vertretungsberechtigte Person:J\u00f6rg Bachmann (Gesch\u00e4ftsf\u00fchrer) Unternehmensregistrierung: Umsatzsteuer-ID gem\u00e4\u00df \u00a7 27a UStG: DE256160616 Letzte Aktualisierung:23.03.2026<\/p>","protected":false},"author":1,"featured_media":0,"parent":0,"menu_order":0,"comment_status":"closed","ping_status":"closed","template":"page-with-title","meta":{"footnotes":""},"class_list":["post-52","page","type-page","status-publish","hentry"],"_links":{"self":[{"href":"https:\/\/bachmann-uruguay.com\/en\/wp-json\/wp\/v2\/pages\/52","targetHints":{"allow":["GET"]}}],"collection":[{"href":"https:\/\/bachmann-uruguay.com\/en\/wp-json\/wp\/v2\/pages"}],"about":[{"href":"https:\/\/bachmann-uruguay.com\/en\/wp-json\/wp\/v2\/types\/page"}],"author":[{"embeddable":true,"href":"https:\/\/bachmann-uruguay.com\/en\/wp-json\/wp\/v2\/users\/1"}],"replies":[{"embeddable":true,"href":"https:\/\/bachmann-uruguay.com\/en\/wp-json\/wp\/v2\/comments?post=52"}],"version-history":[{"count":3,"href":"https:\/\/bachmann-uruguay.com\/en\/wp-json\/wp\/v2\/pages\/52\/revisions"}],"predecessor-version":[{"id":359,"href":"https:\/\/bachmann-uruguay.com\/en\/wp-json\/wp\/v2\/pages\/52\/revisions\/359"}],"wp:attachment":[{"href":"https:\/\/bachmann-uruguay.com\/en\/wp-json\/wp\/v2\/media?parent=52"}],"curies":[{"name":"wp","href":"https:\/\/api.w.org\/{rel}","templated":true}]}}