{"id":88,"date":"2026-02-23T09:34:28","date_gmt":"2026-02-23T09:34:28","guid":{"rendered":"https:\/\/bachmann-uruguay.com\/?page_id=88"},"modified":"2026-04-17T06:02:01","modified_gmt":"2026-04-17T06:02:01","slug":"persoenliche-begleitung","status":"publish","type":"page","link":"https:\/\/bachmann-uruguay.com\/en\/persoenliche-begleitung\/","title":{"rendered":"Personal support"},"content":{"rendered":"<div class=\"wp-block-group is-style-ext-preset--group--natural-1--section has-background-background-color has-background is-layout-flow wp-container-core-group-is-layout-6a0f5eef wp-block-group-is-layout-flow is-style-ext-preset--group--natural-1--section--1\" style=\"margin-top:15px;margin-bottom:15px;padding-top:var(--wp--preset--spacing--70);padding-bottom:var(--wp--preset--spacing--70)\">\n<h1 class=\"wp-block-heading has-text-align-center\">Personal support with entrepreneurial experience<\/h1>\n\n\n\n<h3 class=\"wp-block-heading has-text-align-center\">Direct contact, clear assessment, and long-term perspective\u2014in Germany and Uruguay.<\/h3>\n\n\n\n<figure class=\"wp-block-gallery has-nested-images columns-3 is-cropped wp-block-gallery-2 is-layout-flex wp-block-gallery-is-layout-flex\">\n<figure class=\"wp-block-image size-large\"><img loading=\"lazy\" decoding=\"async\" width=\"1024\" height=\"768\" data-id=\"288\" src=\"https:\/\/bachmann-uruguay.com\/wp-content\/uploads\/2026\/03\/WhatsApp-Image-2026-02-01-at-12.29.27-2-1024x768.jpeg\" alt=\"\" class=\"wp-image-288\" srcset=\"https:\/\/bachmann-uruguay.com\/wp-content\/uploads\/2026\/03\/WhatsApp-Image-2026-02-01-at-12.29.27-2-1024x768.jpeg 1024w, https:\/\/bachmann-uruguay.com\/wp-content\/uploads\/2026\/03\/WhatsApp-Image-2026-02-01-at-12.29.27-2-300x225.jpeg 300w, https:\/\/bachmann-uruguay.com\/wp-content\/uploads\/2026\/03\/WhatsApp-Image-2026-02-01-at-12.29.27-2-768x576.jpeg 768w, https:\/\/bachmann-uruguay.com\/wp-content\/uploads\/2026\/03\/WhatsApp-Image-2026-02-01-at-12.29.27-2-1536x1152.jpeg 1536w, https:\/\/bachmann-uruguay.com\/wp-content\/uploads\/2026\/03\/WhatsApp-Image-2026-02-01-at-12.29.27-2-16x12.jpeg 16w, https:\/\/bachmann-uruguay.com\/wp-content\/uploads\/2026\/03\/WhatsApp-Image-2026-02-01-at-12.29.27-2.jpeg 1600w\" sizes=\"auto, (max-width: 1024px) 100vw, 1024px\" \/><figcaption class=\"wp-element-caption\">J\u00f6rg's son is thrilled with the space<\/figcaption><\/figure>\n\n\n\n<figure class=\"wp-block-image size-large\"><img loading=\"lazy\" decoding=\"async\" width=\"1600\" height=\"1200\" data-id=\"283\" src=\"https:\/\/bachmann-uruguay.com\/wp-content\/uploads\/2026\/03\/WhatsApp-Image-2026-02-01-at-12.18.13-2-1.jpeg\" alt=\"\" class=\"wp-image-283\"\/><figcaption class=\"wp-element-caption\">Erwin Bachmann in front of a usable area<\/figcaption><\/figure>\n\n\n\n<figure class=\"wp-block-image size-large\"><img loading=\"lazy\" decoding=\"async\" width=\"1024\" height=\"768\" data-id=\"286\" src=\"https:\/\/bachmann-uruguay.com\/wp-content\/uploads\/2026\/03\/WhatsApp-Image-2026-02-01-at-12.29.37-1-1024x768.jpeg\" alt=\"\" class=\"wp-image-286\" srcset=\"https:\/\/bachmann-uruguay.com\/wp-content\/uploads\/2026\/03\/WhatsApp-Image-2026-02-01-at-12.29.37-1-1024x768.jpeg 1024w, https:\/\/bachmann-uruguay.com\/wp-content\/uploads\/2026\/03\/WhatsApp-Image-2026-02-01-at-12.29.37-1-300x225.jpeg 300w, https:\/\/bachmann-uruguay.com\/wp-content\/uploads\/2026\/03\/WhatsApp-Image-2026-02-01-at-12.29.37-1-768x576.jpeg 768w, https:\/\/bachmann-uruguay.com\/wp-content\/uploads\/2026\/03\/WhatsApp-Image-2026-02-01-at-12.29.37-1-1536x1152.jpeg 1536w, https:\/\/bachmann-uruguay.com\/wp-content\/uploads\/2026\/03\/WhatsApp-Image-2026-02-01-at-12.29.37-1-16x12.jpeg 16w, https:\/\/bachmann-uruguay.com\/wp-content\/uploads\/2026\/03\/WhatsApp-Image-2026-02-01-at-12.29.37-1.jpeg 1600w\" sizes=\"auto, (max-width: 1024px) 100vw, 1024px\" \/><figcaption class=\"wp-element-caption\">J\u00f6rg and his son, with locals<\/figcaption><\/figure>\n\n\n\n<figure class=\"wp-block-image size-large\"><img loading=\"lazy\" decoding=\"async\" width=\"768\" height=\"1024\" data-id=\"285\" src=\"https:\/\/bachmann-uruguay.com\/wp-content\/uploads\/2026\/03\/WhatsApp-Image-2026-02-01-at-21.06.44-1-768x1024.jpeg\" alt=\"\" class=\"wp-image-285\" srcset=\"https:\/\/bachmann-uruguay.com\/wp-content\/uploads\/2026\/03\/WhatsApp-Image-2026-02-01-at-21.06.44-1-768x1024.jpeg 768w, https:\/\/bachmann-uruguay.com\/wp-content\/uploads\/2026\/03\/WhatsApp-Image-2026-02-01-at-21.06.44-1-225x300.jpeg 225w, https:\/\/bachmann-uruguay.com\/wp-content\/uploads\/2026\/03\/WhatsApp-Image-2026-02-01-at-21.06.44-1-1152x1536.jpeg 1152w, https:\/\/bachmann-uruguay.com\/wp-content\/uploads\/2026\/03\/WhatsApp-Image-2026-02-01-at-21.06.44-1-9x12.jpeg 9w, https:\/\/bachmann-uruguay.com\/wp-content\/uploads\/2026\/03\/WhatsApp-Image-2026-02-01-at-21.06.44-1.jpeg 1500w\" sizes=\"auto, (max-width: 768px) 100vw, 768px\" \/><figcaption class=\"wp-element-caption\">J\u00f6rg and his son Joris<\/figcaption><\/figure>\n\n\n\n<figure class=\"wp-block-image size-large\"><img loading=\"lazy\" decoding=\"async\" width=\"1024\" height=\"768\" data-id=\"287\" src=\"https:\/\/bachmann-uruguay.com\/wp-content\/uploads\/2026\/03\/WhatsApp-Image-2026-02-01-at-21.08.48-1-1024x768.jpeg\" alt=\"\" class=\"wp-image-287\" srcset=\"https:\/\/bachmann-uruguay.com\/wp-content\/uploads\/2026\/03\/WhatsApp-Image-2026-02-01-at-21.08.48-1-1024x768.jpeg 1024w, https:\/\/bachmann-uruguay.com\/wp-content\/uploads\/2026\/03\/WhatsApp-Image-2026-02-01-at-21.08.48-1-300x225.jpeg 300w, https:\/\/bachmann-uruguay.com\/wp-content\/uploads\/2026\/03\/WhatsApp-Image-2026-02-01-at-21.08.48-1-768x576.jpeg 768w, https:\/\/bachmann-uruguay.com\/wp-content\/uploads\/2026\/03\/WhatsApp-Image-2026-02-01-at-21.08.48-1-1536x1152.jpeg 1536w, https:\/\/bachmann-uruguay.com\/wp-content\/uploads\/2026\/03\/WhatsApp-Image-2026-02-01-at-21.08.48-1-16x12.jpeg 16w, https:\/\/bachmann-uruguay.com\/wp-content\/uploads\/2026\/03\/WhatsApp-Image-2026-02-01-at-21.08.48-1.jpeg 2040w\" sizes=\"auto, (max-width: 1024px) 100vw, 1024px\" \/><figcaption class=\"wp-element-caption\">Fun is also important...<\/figcaption><\/figure>\n<\/figure>\n<\/div>\n\n\n\n<div class=\"wp-block-group alignfull is-style-ext-preset--group--natural-1--section has-background-background-color has-background is-layout-flow wp-container-core-group-is-layout-6a0f5eef wp-block-group-is-layout-flow is-style-ext-preset--group--natural-1--section--3\" style=\"margin-top:15px;margin-bottom:15px;padding-top:var(--wp--preset--spacing--70);padding-bottom:var(--wp--preset--spacing--70)\">\n<h2 class=\"wp-block-heading has-text-align-center\">Individualized instead of standardized<\/h2>\n\n\n\n<p class=\"has-text-align-center translation-block\">Every investment decision is as individual as the person behind it. That's why we don't focus on the property, but on your goals.<\/p>\n\n\n\n<p class=\"has-text-align-center\">In a personal consultation, we will clarify what you are looking for\u2014capital investment, agricultural participation, or a long-term home in Uruguay.<\/p>\n\n\n\n<p class=\"has-text-align-center\">We do not see ourselves as a mediation platform, but as a personal contact on equal terms.<\/p>\n\n\n\n<p class=\"has-text-align-center\">This project is supported by two partners who combine agricultural expertise, entrepreneurial experience, and international connections. Our common goal is to provide investors with transparent and reliable access to agricultural land in Uruguay.<\/p>\n\n\n\n<p class=\"has-text-align-center translation-block\"><strong>J\u00f6rg is a farmer who runs an arable and suckler cow farm in Germany. In addition to traditional agriculture, he is heavily involved in renewable energies, particularly photovoltaics. He has been investing in farmland in Uruguay since 2020 and knows the practical processes, opportunities, and challenges of such an investment from his own experience. Languages: German and English<\/p>\n\n\n\n<p class=\"has-text-align-center\"><strong>Erwin Bachmann&nbsp;bringt jahrzehntelange Erfahrung aus der internationalen Wirtschaft mit. Er war&nbsp;langj\u00e4hriger Gesch\u00e4ftsf\u00fchrer einer Molkerei&nbsp;und&nbsp;Pr\u00e4sident der Deutsch-Uruguayischen Au\u00dfenhandelskammer. Durch seine T\u00e4tigkeit verf\u00fcgt er \u00fcber ein umfangreiches Netzwerk in Wirtschaft und Politik sowie \u00fcber tiefgehende Kenntnisse der wirtschaftlichen und rechtlichen Rahmenbedingungen in Uruguay.<br><\/strong>Sprachen:&nbsp;Deutsch, Englisch und Spanisch<\/p>\n\n\n\n<p class=\"has-text-align-center translation-block\">Together, we combine <strong>practical agricultural experience, economic expertise, and a strong network in Uruguay<\/strong> to offer investors a <strong>reputable, structured, and long-term opportunity to invest in agricultural land<\/strong>.<\/p>\n\n\n\n<h2 class=\"wp-block-heading has-text-align-center\">Practice instead of theory<\/h2>\n\n\n\n<p class=\"has-text-align-center\">The support is provided by an agricultural entrepreneur with personal experience in Germany and Uruguay.<\/p>\n\n\n\n<p class=\"has-text-align-center\">This practical perspective enables a realistic assessment of opportunities, risks, and operational processes.<\/p>\n\n\n\n<p class=\"has-text-align-center\">Decisions are considered not only from a sales perspective, but also from a business perspective.<\/p>\n<\/div>\n\n\n\n<div class=\"wp-block-group alignfull is-style-ext-preset--group--natural-1--section has-custom-hintergrund-background-color has-background is-layout-flow wp-block-group-is-layout-flow is-style-ext-preset--group--natural-1--section--4\" id=\"ueber-uns\" style=\"margin-top:80px;margin-bottom:80px;padding-top:var(--wp--preset--spacing--70);padding-bottom:var(--wp--preset--spacing--70)\">\n<h2 class=\"wp-block-heading alignwide has-text-align-center has-x-large-font-size\">Let's discuss your situation in person.<\/h2>\n\n\n\n<p class=\"has-text-align-center\">In a non-binding conversation, we will clarify your goals and possible ways to achieve them.<\/p>\n\n\n\n<div class=\"wp-block-buttons is-content-justification-center is-nowrap is-layout-flex wp-container-core-buttons-is-layout-12a27398 wp-block-buttons-is-layout-flex\">\n<div class=\"wp-block-button\"><a class=\"wp-block-button__link wp-element-button\" href=\"tel:+491783295040\"><strong>\u2192 Arrange a personal meeting<\/strong><\/a><\/div>\n<\/div>\n<\/div>","protected":false},"excerpt":{"rendered":"<p>Pers\u00f6nliche Begleitung mit unternehmerischer Erfahrung Direkter Ansprechpartner, klare Einsch\u00e4tzung und langfristige Perspektive \u2013 in Deutschland und Uruguay. Individuell statt standardisiert Jede Investitionsentscheidung ist so individuell wie die Person dahinter.Deshalb steht bei uns nicht das Objekt im Mittelpunkt, sondern Ihre Ziele. Im pers\u00f6nlichen Gespr\u00e4ch kl\u00e4ren wir, welche Perspektive Sie suchen \u2013 Kapitalanlage, landwirtschaftliche Beteiligung oder ein [&hellip;]<\/p>\n","protected":false},"author":1,"featured_media":0,"parent":0,"menu_order":0,"comment_status":"closed","ping_status":"closed","template":"page-with-title","meta":{"footnotes":""},"class_list":["post-88","page","type-page","status-publish","hentry"],"_links":{"self":[{"href":"https:\/\/bachmann-uruguay.com\/en\/wp-json\/wp\/v2\/pages\/88","targetHints":{"allow":["GET"]}}],"collection":[{"href":"https:\/\/bachmann-uruguay.com\/en\/wp-json\/wp\/v2\/pages"}],"about":[{"href":"https:\/\/bachmann-uruguay.com\/en\/wp-json\/wp\/v2\/types\/page"}],"author":[{"embeddable":true,"href":"https:\/\/bachmann-uruguay.com\/en\/wp-json\/wp\/v2\/users\/1"}],"replies":[{"embeddable":true,"href":"https:\/\/bachmann-uruguay.com\/en\/wp-json\/wp\/v2\/comments?post=88"}],"version-history":[{"count":15,"href":"https:\/\/bachmann-uruguay.com\/en\/wp-json\/wp\/v2\/pages\/88\/revisions"}],"predecessor-version":[{"id":401,"href":"https:\/\/bachmann-uruguay.com\/en\/wp-json\/wp\/v2\/pages\/88\/revisions\/401"}],"wp:attachment":[{"href":"https:\/\/bachmann-uruguay.com\/en\/wp-json\/wp\/v2\/media?parent=88"}],"curies":[{"name":"wp","href":"https:\/\/api.w.org\/{rel}","templated":true}]}}